{"id":31149,"date":"2023-06-01T00:05:32","date_gmt":"2023-05-31T22:05:32","guid":{"rendered":"https:\/\/sunae.ch\/?page_id=31149"},"modified":"2026-03-03T22:20:47","modified_gmt":"2026-03-03T21:20:47","slug":"origin-s","status":"publish","type":"page","link":"https:\/\/sunae.ch\/en\/origin-s\/","title":{"rendered":"ORIGIN S"},"content":{"rendered":"<p>[et_pb_section fb_built=&#8221;1&#8243; _builder_version=&#8221;4.16&#8243; custom_margin=&#8221;||-31px|||&#8221; global_colors_info=&#8221;{}&#8221;][et_pb_row _builder_version=&#8221;4.27.5&#8243; _module_preset=&#8221;default&#8221; max_width=&#8221;100%&#8221; hover_enabled=&#8221;0&#8243; sticky_enabled=&#8221;0&#8243;][et_pb_column _builder_version=&#8221;4.27.5&#8243; _module_preset=&#8221;default&#8221; type=&#8221;4_4&#8243;][dsm_text_badges _builder_version=&#8221;4.27.5&#8243; _module_preset=&#8221;default&#8221; main_text=&#8221;ORIGIN S&#8221; badges_text=&#8221;L&#8217;Art du Mouvement Circulaire&#8221; hover_enabled=&#8221;0&#8243; sticky_enabled=&#8221;0&#8243; header_level=&#8221;h1&#8243;][\/dsm_text_badges][\/et_pb_column][\/et_pb_row][et_pb_row column_structure=&#8221;1_3,2_3&#8243; custom_padding_last_edited=&#8221;on|desktop&#8221; _builder_version=&#8221;4.27.5&#8243; _module_preset=&#8221;default&#8221; width_tablet=&#8221;&#8221; width_phone=&#8221;&#8221; width_last_edited=&#8221;on|phone&#8221; max_width=&#8221;100%&#8221; module_alignment=&#8221;center&#8221; custom_padding=&#8221;32px||32px||true|false&#8221; custom_padding_tablet=&#8221;32px||32px||true|false&#8221; custom_padding_phone=&#8221;32px||32px||true|false&#8221; saved_tabs=&#8221;all&#8221; global_colors_info=&#8221;{}&#8221; theme_builder_area=&#8221;post_content&#8221;][et_pb_column type=&#8221;1_3&#8243; _builder_version=&#8221;4.27.5&#8243; _module_preset=&#8221;default&#8221; global_colors_info=&#8221;{}&#8221; theme_builder_area=&#8221;post_content&#8221;][et_pb_text _builder_version=&#8221;4.27.5&#8243; _module_preset=&#8221;default&#8221; text_font=&#8221;Darker Grotesque|500|||||||&#8221; text_font_size=&#8221;22px&#8221; text_line_height=&#8221;1.2em&#8221; hover_enabled=&#8221;0&#8243; global_colors_info=&#8221;{}&#8221; theme_builder_area=&#8221;post_content&#8221; inline_fonts=&#8221;Darker Grotesque&#8221; sticky_enabled=&#8221;0&#8243;]<\/p>\n<p data-path-to-node=\"3\"><span style=\"font-family: 'Darker Grotesque';\">D\u00e9couvrez la <b data-path-to-node=\"3\" data-index-in-node=\"13\">Origin S<\/b>, une table cin\u00e9tique o\u00f9 le design minimaliste rencontre la po\u00e9sie du mouvement. Sous son plateau de verre de <strong>85cm<\/strong> de diam\u00e8tre, une bille d&#8217;acier sculpte silencieusement le sable, transformant votre int\u00e9rieur en une galerie d&#8217;art \u00e9ph\u00e9m\u00e8re et apaisante.<\/span><\/p>\n<h3 data-path-to-node=\"4\"><span style=\"font-family: 'Darker Grotesque';\"><strong>L&#8217;\u00c9quilibre Parfait<\/strong><\/span><\/h3>\n<p data-path-to-node=\"5\"><span style=\"font-family: 'Darker Grotesque';\">Sa forme ronde et \u00e9pur\u00e9e a \u00e9t\u00e9 con\u00e7ue pour briser les lignes rigides et apporter une fluidit\u00e9 naturelle \u00e0 votre espace. Que ce soit pour m\u00e9diter ou fasciner vos invit\u00e9s, la <b data-path-to-node=\"5\" data-index-in-node=\"173\">Origin S<\/b> cr\u00e9e une atmosph\u00e8re de s\u00e9r\u00e9nit\u00e9 absolue.<\/span><\/p>\n<p>[\/et_pb_text][dsm_pricelist _builder_version=&#8221;4.27.5&#8243; _module_preset=&#8221;default&#8221; global_colors_info=&#8221;{}&#8221; theme_builder_area=&#8221;post_content&#8221;][\/dsm_pricelist][dsm_perspective_image _builder_version=&#8221;4.27.5&#8243; _module_preset=&#8221;default&#8221; global_colors_info=&#8221;{}&#8221; theme_builder_area=&#8221;post_content&#8221;][\/dsm_perspective_image][\/et_pb_column][et_pb_column type=&#8221;2_3&#8243; _builder_version=&#8221;4.17.0&#8243; _module_preset=&#8221;default&#8221; global_colors_info=&#8221;{}&#8221; theme_builder_area=&#8221;post_content&#8221;][et_pb_code _builder_version=&#8221;4.27.5&#8243; _module_preset=&#8221;default&#8221; global_colors_info=&#8221;{}&#8221; theme_builder_area=&#8221;post_content&#8221;]\t\t<div class=\"fotorama responsive-image-silder\" data-width=\"100%\"\n\t\t\tdata-height=\"\" data-nav=\"dots\"\n\t\t\tdata-navwidth=\"\" data-allowfullscreen=\"true\"\n\t\t\tdata-fit=\"cover\"\n\t\t\tdata-transitionduration=\"300\"\n\t\t\tdata-autoplay=\"true\" data-loop=\"true\"\n\t\t\tdata-arrows=\"true\" data-swipe=\"true\"\n\t\t\tdata-spinner=\"true\" data-transition=\"slide\">\n\t\t\t\t\t\t\t\t<img decoding=\"async\" src=\"https:\/\/sunae.ch\/wp-content\/uploads\/2026\/03\/JES_8595-copie.jpg\" data-caption=\"\">\n\t\t\t\t\t\t\t\t\t\t<img decoding=\"async\" src=\"https:\/\/sunae.ch\/wp-content\/uploads\/2026\/03\/Gemini_Generated_Image_b8t9ztb8t9ztb8t9.jpg\" data-caption=\"\">\n\t\t\t\t\t\t\t\t\t\t<img decoding=\"async\" src=\"https:\/\/sunae.ch\/wp-content\/uploads\/2026\/03\/JES_8421-copie-scaled.jpg\" data-caption=\"\">\n\t\t\t\t\t\t\t\t\t\t<img decoding=\"async\" src=\"https:\/\/sunae.ch\/wp-content\/uploads\/2026\/03\/JES_7028-copie.jpg\" data-caption=\"\">\n\t\t\t\t\t\t\t\t\t\t<img decoding=\"async\" src=\"https:\/\/sunae.ch\/wp-content\/uploads\/2026\/03\/JES_7271-copie-scaled.jpg\" data-caption=\"\">\n\t\t\t\t\t\t\t\t\t\t<img decoding=\"async\" src=\"https:\/\/sunae.ch\/wp-content\/uploads\/2026\/03\/20231017_100922.jpg\" data-caption=\"\">\n\t\t\t\t\t\t\t\t\t\t<img decoding=\"async\" src=\"https:\/\/sunae.ch\/wp-content\/uploads\/2026\/03\/JES_9452.jpg\" data-caption=\"\">\n\t\t\t\t\t\t\t<\/div>\n\t\t[\/et_pb_code][\/et_pb_column][\/et_pb_row][et_pb_row _builder_version=&#8221;4.27.0&#8243; _module_preset=&#8221;default&#8221; max_width=&#8221;100%&#8221; global_colors_info=&#8221;{}&#8221;][et_pb_column type=&#8221;4_4&#8243; _builder_version=&#8221;4.21.0&#8243; _module_preset=&#8221;default&#8221; global_colors_info=&#8221;{}&#8221;][dsm_text_divider header=&#8221;Configurez votre ORIGIN ici&#8221; _builder_version=&#8221;4.21.0&#8243; _module_preset=&#8221;default&#8221; header_level=&#8221;h2&#8243; header_font=&#8221;||||||||&#8221; header_text_align=&#8221;center&#8221; header_text_color=&#8221;#000000&#8243; background_enable_color=&#8221;off&#8221; min_height=&#8221;37px&#8221; global_colors_info=&#8221;{}&#8221;][\/dsm_text_divider][\/et_pb_column][\/et_pb_row][et_pb_row make_equal=&#8221;on&#8221; _builder_version=&#8221;4.27.5&#8243; _module_preset=&#8221;default&#8221; background_color=&#8221;RGBA(255,255,255,0)&#8221; module_alignment=&#8221;center&#8221; hover_enabled=&#8221;0&#8243; global_colors_info=&#8221;{}&#8221; max_width=&#8221;100%&#8221; sticky_enabled=&#8221;0&#8243;][et_pb_column type=&#8221;4_4&#8243; _builder_version=&#8221;4.21.0&#8243; _module_preset=&#8221;default&#8221; global_colors_info=&#8221;{}&#8221;][et_pb_code _builder_version=&#8221;4.27.5&#8243; _module_preset=&#8221;default&#8221; hover_enabled=&#8221;0&#8243; global_colors_info=&#8221;{}&#8221; max_width=&#8221;100%&#8221; sticky_enabled=&#8221;0&#8243;]<div class=\"mkl-configurator-inline is-shortcode configure-product container-class something-else\"  data-product_id=\"29889\"  data-price=\"6500\"  data-regular_price=\"6500\"  data-is_on_sale=\"\"  data-settings=\"{&quot;convert_base_price&quot;:false}\"  data-loading=\"Loading the configurator...\"  data-force_form=\"1\"  data-no-translation=\"\"><\/div>[\/et_pb_code][\/et_pb_column][\/et_pb_row][et_pb_row column_structure=&#8221;1_3,1_3,1_3&#8243; use_custom_gutter=&#8221;on&#8221; gutter_width=&#8221;1&#8243; make_equal=&#8221;on&#8221; custom_padding_last_edited=&#8221;on|phone&#8221; _builder_version=&#8221;4.27.5&#8243; _module_preset=&#8221;default&#8221; custom_padding_tablet=&#8221;&#8221; custom_padding_phone=&#8221;2px||2px||true|false&#8221; hover_enabled=&#8221;0&#8243; custom_css_main_element=&#8221;display:flex;&#8221; global_colors_info=&#8221;{}&#8221; max_width=&#8221;100%&#8221; sticky_enabled=&#8221;0&#8243;][et_pb_column type=&#8221;1_3&#8243; _builder_version=&#8221;4.16&#8243; _module_preset=&#8221;default&#8221; global_colors_info=&#8221;{}&#8221;][et_pb_image src=&#8221;https:\/\/sunae.ch\/wp-content\/uploads\/2022\/02\/20210513_005830-1-scaled.jpg&#8221; title_text=&#8221;20210513_005830 (1)&#8221; _builder_version=&#8221;4.21.0&#8243; _module_preset=&#8221;default&#8221; global_colors_info=&#8221;{}&#8221;][\/et_pb_image][\/et_pb_column][et_pb_column type=&#8221;1_3&#8243; _builder_version=&#8221;4.16&#8243; _module_preset=&#8221;default&#8221; global_colors_info=&#8221;{}&#8221;][et_pb_image src=&#8221;https:\/\/sunae.ch\/wp-content\/uploads\/2022\/02\/20210513_005830_Ocre-scaled.jpg&#8221; title_text=&#8221;20210513_005830_Ocre&#8221; _builder_version=&#8221;4.16&#8243; _module_preset=&#8221;default&#8221; global_colors_info=&#8221;{}&#8221;][\/et_pb_image][\/et_pb_column][et_pb_column type=&#8221;1_3&#8243; _builder_version=&#8221;4.16&#8243; _module_preset=&#8221;default&#8221; global_colors_info=&#8221;{}&#8221;][et_pb_image src=&#8221;https:\/\/sunae.ch\/wp-content\/uploads\/2022\/02\/20210513_005830_black-scaled.jpg&#8221; title_text=&#8221;20210513_005830_black&#8221; _builder_version=&#8221;4.21.0&#8243; _module_preset=&#8221;default&#8221; global_colors_info=&#8221;{}&#8221;][\/et_pb_image][\/et_pb_column][\/et_pb_row][\/et_pb_section][et_pb_section fb_built=&#8221;1&#8243; _builder_version=&#8221;4.16&#8243; _module_preset=&#8221;default&#8221; background_color=&#8221;#FFFFFF&#8221; custom_padding=&#8221;2px|||||&#8221; global_colors_info=&#8221;{}&#8221;][et_pb_row _builder_version=&#8221;4.27.5&#8243; _module_preset=&#8221;default&#8221; width_tablet=&#8221;71%&#8221; width_phone=&#8221;90%&#8221; width_last_edited=&#8221;on|desktop&#8221; hover_enabled=&#8221;0&#8243; global_colors_info=&#8221;{}&#8221; max_width=&#8221;100%&#8221; sticky_enabled=&#8221;0&#8243;][et_pb_column type=&#8221;4_4&#8243; _builder_version=&#8221;4.16&#8243; _module_preset=&#8221;default&#8221; global_colors_info=&#8221;{}&#8221;][dgat_advancedtab content_container_bgcolor=&#8221;#FFFFFF&#8221; use_sticky_nav=&#8221;off&#8221; nav_placement=&#8221;flex_top&#8221; nav_item_bgcolor=&#8221;#e0e7ef&#8221; nav_item_active_bgcolor=&#8221;#FFFFFF&#8221; icon_color=&#8221;#000000&#8243; icon_color_active=&#8221;gcid-c45aaa06-b404-45c6-8bf4-d9002350bc04&#8243; icon_size=&#8221;31px&#8221; icon_placement=&#8221;flex_left&#8221; icon_align=&#8221;center&#8221; button_use_gradient=&#8221;on&#8221; button_color_gradient_1=&#8221;#007fe0&#8243; button_color_gradient_2=&#8221;#007fe0&#8243; button_background_image_size=&#8221;custom&#8221; button_size_width=&#8221;0%&#8221; button_size_height=&#8221;100%&#8221; button_background_image_position=&#8221;center_right&#8221; at_content_wrapper_padding=&#8221;41px|60px|41px|60px|true|true&#8221; at_content_wrapper_padding_tablet=&#8221;&#8221; at_content_wrapper_padding_phone=&#8221;41px|25px|41px|25px|true|true&#8221; at_content_wrapper_padding_last_edited=&#8221;on|phone&#8221; nav_item_padding=&#8221;22px||22px||true|false&#8221; nav_icon_margin=&#8221;|17px|||false|false&#8221; _builder_version=&#8221;4.21.0&#8243; _module_preset=&#8221;default&#8221; title_font=&#8221;Roboto||||||||&#8221; title_text_color=&#8221;#000000&#8243; title_active_text_color=&#8221;gcid-c45aaa06-b404-45c6-8bf4-d9002350bc04&#8243; text_font=&#8221;Lato||||||||&#8221; text_font_size=&#8221;16px&#8221; text_line_height=&#8221;26px&#8221; quote_text_color=&#8221;#000000&#8243; header_2_font=&#8221;Poppins||||||||&#8221; header_2_text_color=&#8221;#444444&#8243; header_2_font_size=&#8221;29px&#8221; button_font=&#8221;Roboto||||||||&#8221; button_text_color=&#8221;#007fe0&#8243; button_font_size=&#8221;16px&#8221; min_height=&#8221;533.8px&#8221; custom_margin=&#8221;12px||||false|false&#8221; border_radii=&#8221;on|4px|4px|4px|4px&#8221; border_width_all=&#8221;0px&#8221; border_width_all_button=&#8221;1px&#8221; box_shadow_style=&#8221;preset1&#8243; box_shadow_color=&#8221;rgba(0,0,0,0.07)&#8221; global_colors_info=&#8221;{%22gcid-c45aaa06-b404-45c6-8bf4-d9002350bc04%22:%91%22icon_color_active%22,%22title_active_text_color%22%93}&#8221; button_size_width__hover_enabled=&#8221;on|hover&#8221; button_size_width__hover=&#8221;100%&#8221; button_text_color__hover_enabled=&#8221;on|hover&#8221; button_text_color__hover=&#8221;#FFFFFF&#8221;][dgat_advancedtabitem title=&#8221;DESCRIPTION&#8221; use_icon=&#8221;on&#8221; font_icon=&#8221;&#x70;||divi||400&#8243; icon_color=&#8221;#000000&#8243; icon_size=&#8221;32px&#8221; image=&#8221;https:\/\/sunae.ch\/wp-content\/uploads\/2022\/03\/20210507_002917-scaled.jpg&#8221; img_placement=&#8221;flex_right&#8221; img_container_width=&#8221;32%&#8221; vertical_align=&#8221;flex-start&#8221; img_placement_phone=&#8221;flex_top&#8221; at_button_button_url_new_window=&#8221;1&#8243; button_bgcolor=&#8221;#FFFFFF&#8221; image_wrapper_margin=&#8221;0px|2px|0px|39px|true|false&#8221; image_wrapper_margin_tablet=&#8221;0px|2px|0px|39px|true|false&#8221; image_wrapper_margin_phone=&#8221;0px|0px|0px|0px|true|false&#8221; image_wrapper_margin_last_edited=&#8221;on|phone&#8221; image_wrapper_padding=&#8221;|0px||0px|false|true&#8221; content_margin=&#8221;|0px||0px|false|true&#8221; content_padding=&#8221;|0px||0px|false|true&#8221; icon_size_tablet=&#8221;32px&#8221; icon_size_phone=&#8221;28px&#8221; icon_size_last_edited=&#8221;on|phone&#8221; image_size_maxwidth_tablet=&#8221;&#8221; image_size_maxwidth_phone=&#8221;100%&#8221; image_size_maxwidth_last_edited=&#8221;on|desktop&#8221; _builder_version=&#8221;4.21.0&#8243; _module_preset=&#8221;default&#8221; title_font=&#8221;Roboto|||on|||||&#8221; title_font_size=&#8221;15px&#8221; subtitle_font=&#8221;|||on|||||&#8221; subtitle_text_color=&#8221;#000000&#8243; text_font=&#8221;Darker Grotesque||||||||&#8221; text_text_align=&#8221;left&#8221; text_font_size=&#8221;22px&#8221; text_line_height=&#8221;1.2em&#8221; header_text_color=&#8221;#FFFFFF&#8221; button_text_color=&#8221;#000000&#8243; module_alignment=&#8221;left&#8221; custom_margin=&#8221;|0px||0px|false|true&#8221; custom_padding=&#8221;|0px||0px|false|true&#8221; border_width_all_textarea_border=&#8221;2px&#8221; global_colors_info=&#8221;{}&#8221;]<\/p>\n<p>La table basse <strong>SUNAE\u00a0<\/strong>allie parfaitement art ancestral japonais et design. Ce condens\u00e9 de technologie r\u00e9alisera pour vous des \u0153uvres \u00e9ph\u00e9m\u00e8res dans le sable. Bien plus qu\u2019un simple objet, la table basse\u00a0<strong>SUNAE<\/strong><span>\u00a0<\/span>provoquera une profonde satisfaction int\u00e9rieur, un sentiment de d\u00e9tente et d\u2019apaisement proche de la relaxation. C\u2019est une authentique invitation \u00e0 la m\u00e9ditation, un v\u00e9ritable antistress autour duquel vous aurez plaisir \u00e0 partager un verre entre amis.<\/p>\n<p><strong>Laissez-vous envo\u00fbter par la magie du<span>\u00a0<\/span><\/strong><strong>sable, \u00e0 l\u2019infini.<\/strong><\/p>\n<p>&nbsp;<\/p>\n<p>La table basse Origin S est une porte ouverte pour le contemplateur. Guid\u00e9 par la bille silencieuse, le regard ondule le long des motifs procurant un bien-\u00eatre total. Nul doute que cet objet deviendra la pi\u00e8ce ma\u00eetresse de votre int\u00e9rieur.<\/p>\n<p>[\/dgat_advancedtabitem][dgat_advancedtabitem title=&#8221;UTILISATION INTUITIVE&#8221; use_icon=&#8221;on&#8221; font_icon=&#8221;&#xe007;||divi||400&#8243; image=&#8221;https:\/\/sunae.ch\/wp-content\/uploads\/2022\/03\/mobile-phone.png&#8221; img_placement=&#8221;flex_right&#8221; img_container_width=&#8221;48%&#8221; vertical_align=&#8221;flex-start&#8221; img_placement_tablet=&#8221;flex_top&#8221; img_placement_phone=&#8221;flex_bottom&#8221; image_size_maxwidth=&#8221;64%&#8221; image_size_alignment=&#8221;right&#8221; at_button_button_url_new_window=&#8221;1&#8243; image_wrapper_margin=&#8221;|||-64px|false|false&#8221; image_wrapper_padding=&#8221;|||-5px|false|false&#8221; image_wrapper_padding_tablet=&#8221;|||-5px|false|false&#8221; image_wrapper_padding_phone=&#8221;|||-5px|false|false&#8221; image_wrapper_padding_last_edited=&#8221;on|desktop&#8221; content_margin=&#8221;|||0px|false|false&#8221; content_padding=&#8221;|||0px|false|false&#8221; image_size_maxwidth_tablet=&#8221;64%&#8221; image_size_maxwidth_phone=&#8221;81%&#8221; image_size_maxwidth_last_edited=&#8221;on|phone&#8221; _builder_version=&#8221;4.16&#8243; _module_preset=&#8221;default&#8221; title_font=&#8221;ABeeZee||||||||&#8221; subtitle_font_size=&#8221;34px&#8221; subtitle_letter_spacing=&#8221;65px&#8221; text_font=&#8221;Darker Grotesque||||||||&#8221; text_text_align=&#8221;center&#8221; text_font_size=&#8221;22px&#8221; text_line_height=&#8221;1.2em&#8221; header_font=&#8221;||||||||&#8221; module_alignment=&#8221;left&#8221; border_color_all_image=&#8221;#000000&#8243; border_width_all_textarea_border=&#8221;0px&#8221; border_color_all_textarea_border=&#8221;#000000&#8243; global_colors_info=&#8221;{}&#8221;]<\/p>\n<p style=\"text-align: justify;\">Connect\u00e9e \u00e0 une application mobile intuitive, vous pourrez g\u00e9rez votre table basse d&#8217;un simple clic. Jouez avec les lignes et les contrastes \u00e0 l&#8217;infini. Vous ne poss\u00e9dez pas de t\u00e9l\u00e9phone? Vous appr\u00e9cierez son syst\u00e8me de tactile int\u00e9gr\u00e9.<\/p>\n<p style=\"text-align: justify;\">Les applications pour smartphone peuvent \u00eatre t\u00e9l\u00e9charger sur les 2 plateformes suivantes:<\/p>\n<p style=\"text-align: justify;\"><a href=\"https:\/\/www.apple.com\/ch-fr\/store\" target=\"_blank\" rel=\"noopener\"><img loading=\"lazy\" decoding=\"async\" class=\"size-full wp-image-29625 alignnone\" src=\"https:\/\/sunae.ch\/wp-content\/uploads\/2022\/01\/apple_button.png\" alt=\"\" width=\"130\" height=\"40\" \/><\/a>\u00a0 \u00a0 \u00a0 \u00a0<a href=\"https:\/\/play.google.com\/store\/apps\" target=\"_blank\" rel=\"noopener\" title=\"https:\/\/play.google.com\/store\/apps\"><img loading=\"lazy\" decoding=\"async\" class=\"wp-image-29624 size-full alignnone\" src=\"https:\/\/sunae.ch\/wp-content\/uploads\/2022\/01\/android_button.png\" alt=\"\" width=\"130\" height=\"39\" \/><\/a><\/p>\n<p>[\/dgat_advancedtabitem][dgat_advancedtabitem title=&#8221;DOCUMENTATION&#8221; use_icon=&#8221;on&#8221; font_icon=&#8221;&#xf381;||fa||900&#8243; image=&#8221;https:\/\/sunae.ch\/wp-content\/uploads\/2021\/09\/CW7J2822-scaled.jpg&#8221; img_placement=&#8221;flex_left&#8221; img_container_width=&#8221;30%&#8221; img_placement_tablet=&#8221;flex_bottom&#8221; img_placement_phone=&#8221;flex_bottom&#8221; image_size_alignment=&#8221;center&#8221; at_button_button_url_new_window=&#8221;1&#8243; image_wrapper_margin=&#8221;|42px|||false|false&#8221; image_wrapper_margin_tablet=&#8221;|42px|||false|false&#8221; image_wrapper_margin_phone=&#8221;|2px||2px|false|false&#8221; image_wrapper_margin_last_edited=&#8221;on|phone&#8221; image_wrapper_padding=&#8221;|0px||0px|false|true&#8221; content_margin=&#8221;|||||true&#8221; content_padding=&#8221;|1px||1px|false|true&#8221; _builder_version=&#8221;4.21.0&#8243; _module_preset=&#8221;default&#8221; text_font=&#8221;Darker Grotesque||||||||&#8221; text_font_size=&#8221;22px&#8221; text_line_height=&#8221;1.2em&#8221; module_alignment=&#8221;center&#8221; custom_margin=&#8221;|1px||1px|false|true&#8221; custom_padding=&#8221;|1px||1px|false|true&#8221; global_colors_info=&#8221;{}&#8221;]<\/p>\n<p>Afin d&#8217;obtenir plus d&#8217;information sur la table basse ORIGIN S, vous pouvez consulter la brochure du produit ou encore le manuel utilisateur.<\/p>\n<p>Brochure produit:<\/p>\n<p style=\"text-align: center;\"><a href=\"https:\/\/sunae.ch\/wp-content\/uploads\/2023\/06\/20230301_Brochure-SUNAE_Origin.pdf\" rel=\"attachment wp-att-31276\">Brochure SUNAE_Origin<\/a><\/p>\n<p>Manuel utilisateur:<\/p>\n<p style=\"text-align: center;\"><a href=\"https:\/\/sunae.ch\/wp-content\/uploads\/2024\/05\/User-Manual-Origin-FR-EN-v2024.1.pdf\" rel=\"attachment wp-att-31255\">User Manual Origin FR-EN<\/a><\/p>\n<p>&nbsp;<\/p>\n<p>&nbsp;<\/p>\n<p>[\/dgat_advancedtabitem][dgat_advancedtabitem title=&#8221;INFO TECHNIQUE&#8221; use_icon=&#8221;on&#8221; font_icon=&#8221;&#x31;||divi||400&#8243; image=&#8221;https:\/\/sunae.ch\/wp-content\/uploads\/2022\/04\/desc_technique-complet-05-05-05-05.png&#8221; img_placement=&#8221;flex_bottom&#8221; img_container_width=&#8221;35%&#8221; img_placement_tablet=&#8221;flex_bottom&#8221; img_placement_phone=&#8221;flex_bottom&#8221; image_size_alignment=&#8221;center&#8221; at_button_button_url_new_window=&#8221;1&#8243; image_wrapper_margin=&#8221;-1px|-3px||-31px|false|false&#8221; image_wrapper_padding=&#8221;|55px|||false|false&#8221; image_wrapper_padding_tablet=&#8221;|55px|||false|false&#8221; image_wrapper_padding_phone=&#8221;|0px||0px|false|false&#8221; image_wrapper_padding_last_edited=&#8221;on|phone&#8221; content_margin=&#8221;|-1px||-1px|false|true&#8221; content_padding=&#8221;|-2px||-2px|false|true&#8221; image_size_maxwidth_tablet=&#8221;&#8221; image_size_maxwidth_phone=&#8221;109%&#8221; image_size_maxwidth_last_edited=&#8221;on|phone&#8221; _builder_version=&#8221;4.16&#8243; _module_preset=&#8221;default&#8221; text_font=&#8221;Darker Grotesque||||||||&#8221; text_font_size=&#8221;22px&#8221; text_line_height=&#8221;1.2em&#8221; custom_margin=&#8221;|-1px||-1px|false|true&#8221; custom_padding=&#8221;|0px||0px|false|true&#8221; global_colors_info=&#8221;{}&#8221;]<\/p>\n<h2>QUALITE SUISSE<\/h2>\n<p>Fabriqu\u00e9 et assembl\u00e9 en grande partie \u00e0 la main en Suisse, ce produit est sans nul doute un gage de qualit\u00e9. Sans aucun bruit, cette table pourra \u00eatre install\u00e9e dans vos pi\u00e8ces de vie comme vos pieces de repos. Vous trouverez ci-dessous les choix de personalisations ainsi que les donn\u00e9es techniques.<\/p>\n<p>[\/dgat_advancedtabitem][\/dgat_advancedtab][\/et_pb_column][\/et_pb_row][\/et_pb_section]<\/p>\n","protected":false},"excerpt":{"rendered":"<p>[et_pb_section fb_built=&#8221;1&#8243; _builder_version=&#8221;4.16&#8243; custom_margin=&#8221;||-31px|||&#8221; global_colors_info=&#8221;{}&#8221;][et_pb_row _builder_version=&#8221;4.27.5&#8243; _module_preset=&#8221;default&#8221; max_width=&#8221;100%&#8221; hover_enabled=&#8221;0&#8243; sticky_enabled=&#8221;0&#8243;][et_pb_column _builder_version=&#8221;4.27.5&#8243; _module_preset=&#8221;default&#8221; type=&#8221;4_4&#8243;][dsm_text_badges _builder_version=&#8221;4.27.5&#8243; _module_preset=&#8221;default&#8221; main_text=&#8221;ORIGIN S&#8221; badges_text=&#8221;L&#8217;Art du Mouvement Circulaire&#8221; hover_enabled=&#8221;0&#8243; sticky_enabled=&#8221;0&#8243; header_level=&#8221;h1&#8243;][\/dsm_text_badges][\/et_pb_column][\/et_pb_row][et_pb_row column_structure=&#8221;1_3,2_3&#8243; custom_padding_last_edited=&#8221;on|desktop&#8221; _builder_version=&#8221;4.27.5&#8243; _module_preset=&#8221;default&#8221; width_tablet=&#8221;&#8221; width_phone=&#8221;&#8221; width_last_edited=&#8221;on|phone&#8221; max_width=&#8221;100%&#8221; module_alignment=&#8221;center&#8221; custom_padding=&#8221;32px||32px||true|false&#8221; custom_padding_tablet=&#8221;32px||32px||true|false&#8221; custom_padding_phone=&#8221;32px||32px||true|false&#8221; saved_tabs=&#8221;all&#8221; global_colors_info=&#8221;{}&#8221; theme_builder_area=&#8221;post_content&#8221;][et_pb_column type=&#8221;1_3&#8243; _builder_version=&#8221;4.27.5&#8243; _module_preset=&#8221;default&#8221; global_colors_info=&#8221;{}&#8221; theme_builder_area=&#8221;post_content&#8221;][et_pb_text _builder_version=&#8221;4.27.5&#8243; _module_preset=&#8221;default&#8221; text_font=&#8221;Darker Grotesque|500|||||||&#8221; text_font_size=&#8221;22px&#8221; text_line_height=&#8221;1.2em&#8221; hover_enabled=&#8221;0&#8243; global_colors_info=&#8221;{}&#8221; theme_builder_area=&#8221;post_content&#8221; inline_fonts=&#8221;Darker Grotesque&#8221; [&hellip;]<\/p>\n","protected":false},"author":1,"featured_media":0,"parent":0,"menu_order":0,"comment_status":"closed","ping_status":"closed","template":"","meta":{"_et_pb_use_builder":"on","_et_pb_old_content":"<!-- wp:shortcode -->\n[wpb_builder product=29889]\n<!-- \/wp:shortcode -->\n\n<!-- wp:paragraph -->\n<p><\/p>\n<!-- \/wp:paragraph -->","_et_gb_content_width":"","footnotes":""},"class_list":["post-31149","page","type-page","status-publish","hentry"],"_links":{"self":[{"href":"https:\/\/sunae.ch\/en\/wp-json\/wp\/v2\/pages\/31149","targetHints":{"allow":["GET"]}}],"collection":[{"href":"https:\/\/sunae.ch\/en\/wp-json\/wp\/v2\/pages"}],"about":[{"href":"https:\/\/sunae.ch\/en\/wp-json\/wp\/v2\/types\/page"}],"author":[{"embeddable":true,"href":"https:\/\/sunae.ch\/en\/wp-json\/wp\/v2\/users\/1"}],"replies":[{"embeddable":true,"href":"https:\/\/sunae.ch\/en\/wp-json\/wp\/v2\/comments?post=31149"}],"version-history":[{"count":11,"href":"https:\/\/sunae.ch\/en\/wp-json\/wp\/v2\/pages\/31149\/revisions"}],"predecessor-version":[{"id":240394,"href":"https:\/\/sunae.ch\/en\/wp-json\/wp\/v2\/pages\/31149\/revisions\/240394"}],"wp:attachment":[{"href":"https:\/\/sunae.ch\/en\/wp-json\/wp\/v2\/media?parent=31149"}],"curies":[{"name":"wp","href":"https:\/\/api.w.org\/{rel}","templated":true}]}}