{"id":29070,"date":"2021-03-28T15:04:43","date_gmt":"2021-03-28T13:04:43","guid":{"rendered":"http:\/\/sunae.ch\/?page_id=29070"},"modified":"2024-08-24T23:52:35","modified_gmt":"2024-08-24T21:52:35","slug":"download","status":"publish","type":"page","link":"http:\/\/sunae.ch\/de\/download\/","title":{"rendered":"SUPPORT"},"content":{"rendered":"<p>[et_pb_section fb_built=&#8221;1&#8243; admin_label=&#8221;section&#8221; _builder_version=&#8221;4.16&#8243; global_colors_info=&#8221;{}&#8221;][et_pb_row column_structure=&#8221;1_3,1_3,1_3&#8243; use_custom_gutter=&#8221;on&#8221; gutter_width=&#8221;2&#8243; make_equal=&#8221;on&#8221; admin_label=&#8221;row&#8221; _builder_version=&#8221;4.27.0&#8243; background_size=&#8221;initial&#8221; background_position=&#8221;top_left&#8221; background_repeat=&#8221;repeat&#8221; module_alignment=&#8221;center&#8221; custom_margin=&#8221;|425px||auto||&#8221; global_colors_info=&#8221;{}&#8221;][et_pb_column type=&#8221;1_3&#8243; _builder_version=&#8221;4.27.0&#8243; custom_padding=&#8221;|||&#8221; global_colors_info=&#8221;{}&#8221; custom_padding__hover=&#8221;|||&#8221;][dsm_text_badges main_text=&#8221;Catalogue&#8221; badges_text=&#8221;SUNAE&#8221; _builder_version=&#8221;4.27.0&#8243; _module_preset=&#8221;default&#8221; module_alignment=&#8221;left&#8221; global_colors_info=&#8221;{}&#8221;][\/dsm_text_badges][et_pb_image src=&#8221;https:\/\/sunae.ch\/wp-content\/uploads\/2024\/08\/Catalogue-Download.png&#8221; title_text=&#8221;Catalogue Download&#8221; url=&#8221;https:\/\/sunae.ch\/wp-content\/uploads\/2024\/08\/SUNAE-catalogue-PDF-MEDIA-FR-lr.pdf&#8221; _builder_version=&#8221;4.27.0&#8243; _module_preset=&#8221;default&#8221; global_colors_info=&#8221;{}&#8221;][\/et_pb_image][\/et_pb_column][et_pb_column type=&#8221;1_3&#8243; _builder_version=&#8221;4.27.0&#8243; custom_padding=&#8221;|||&#8221; global_colors_info=&#8221;{}&#8221; custom_padding__hover=&#8221;|||&#8221;][dsm_text_badges main_text=&#8221;Fiche produit&#8221; badges_text=&#8221;ORIGIN&#8221; _builder_version=&#8221;4.27.0&#8243; _module_preset=&#8221;default&#8221; module_alignment=&#8221;left&#8221; global_colors_info=&#8221;{}&#8221;][\/dsm_text_badges][et_pb_image src=&#8221;https:\/\/sunae.ch\/wp-content\/uploads\/2022\/03\/Brochure-PAGE1_download.png&#8221; title_text=&#8221;Brochure PAGE1_download&#8221; url=&#8221;https:\/\/sunae.ch\/wp-content\/uploads\/2024\/08\/20240824_Brochure-SUNAE_Origin_FR_lr.pdf&#8221; _builder_version=&#8221;4.27.0&#8243; _module_preset=&#8221;default&#8221; hover_enabled=&#8221;0&#8243; global_colors_info=&#8221;{}&#8221; sticky_enabled=&#8221;0&#8243;][\/et_pb_image][\/et_pb_column][et_pb_column type=&#8221;1_3&#8243; _builder_version=&#8221;4.27.0&#8243; custom_padding=&#8221;|||&#8221; global_colors_info=&#8221;{}&#8221; custom_padding__hover=&#8221;|||&#8221;][dsm_text_badges main_text=&#8221;Fiche produit&#8221; badges_text=&#8221;ORBIT&#8221; _builder_version=&#8221;4.27.0&#8243; _module_preset=&#8221;default&#8221; module_alignment=&#8221;left&#8221; global_colors_info=&#8221;{}&#8221;][\/dsm_text_badges][et_pb_image src=&#8221;https:\/\/sunae.ch\/wp-content\/uploads\/2024\/08\/Orbit-Download.png&#8221; title_text=&#8221;Orbit Download&#8221; url=&#8221;https:\/\/sunae.ch\/wp-content\/uploads\/2024\/08\/20230529_Brochure_Orbit.pdf&#8221; _builder_version=&#8221;4.27.0&#8243; _module_preset=&#8221;default&#8221; background_color=&#8221;#000000&#8243; global_colors_info=&#8221;{}&#8221;][\/et_pb_image][\/et_pb_column][\/et_pb_row][\/et_pb_section]<\/p>\n","protected":false},"excerpt":{"rendered":"<p><div class=\"et_pb_module dsm_text_badges dsm_text_badges_0  et_pb_bg_layout_light\">\n\t\t\t\t\n\t\t\t\t\n\t\t\t\t\n\t\t\t\t\n\t\t\t\t\n\t\t\t\t\n\t\t\t\t<div class=\"et_pb_module_inner\">\n\t\t\t\t\t<h4 class=\"dsm-text-badges et_pb_module_header\"><span class=\"dsm-text-badges-main\">Katalog<\/span><span class=\"dsm-badges dsm-badges-after\">SUNAE<\/span><\/h4>\n\t\t\t\t<\/div>\n\t\t\t<\/div><div class=\"et_pb_module dsm_text_badges dsm_text_badges_1  et_pb_bg_layout_light\">\n\t\t\t\t\n\t\t\t\t\n\t\t\t\t\n\t\t\t\t\n\t\t\t\t\n\t\t\t\t\n\t\t\t\t<div class=\"et_pb_module_inner\">\n\t\t\t\t\t<h4 class=\"dsm-text-badges et_pb_module_header\"><span class=\"dsm-text-badges-main\">Produktdatenblatt<\/span><span class=\"dsm-badges dsm-badges-after\">ORIGIN<\/span><\/h4>\n\t\t\t\t<\/div>\n\t\t\t<\/div><div class=\"et_pb_module dsm_text_badges dsm_text_badges_2  et_pb_bg_layout_light\">\n\t\t\t\t\n\t\t\t\t\n\t\t\t\t\n\t\t\t\t\n\t\t\t\t\n\t\t\t\t\n\t\t\t\t<div class=\"et_pb_module_inner\">\n\t\t\t\t\t<h4 class=\"dsm-text-badges et_pb_module_header\"><span class=\"dsm-text-badges-main\">Produktdatenblatt<\/span><span class=\"dsm-badges dsm-badges-after\">ORBIT<\/span><\/h4>\n\t\t\t\t<\/div>\n\t\t\t<\/div><\/p>","protected":false},"author":1,"featured_media":0,"parent":0,"menu_order":0,"comment_status":"closed","ping_status":"closed","template":"","meta":{"_et_pb_use_builder":"on","_et_pb_old_content":"<!-- wp:columns -->\n<div class=\"wp-block-columns\"><!-- wp:column {\"width\":\"100%\"} -->\n<div class=\"wp-block-column\" style=\"flex-basis:100%\"><!-- wp:columns -->\n<div class=\"wp-block-columns\"><!-- wp:column -->\n<div class=\"wp-block-column\"><!-- wp:paragraph {\"align\":\"center\",\"fontSize\":\"medium\"} -->\n<p class=\"has-text-align-center has-medium-font-size\"><strong>T\u00e9l\u00e9charger des mod\u00e8les<\/strong><\/p>\n<!-- \/wp:paragraph -->\n\n<!-- wp:image {\"id\":29075,\"sizeSlug\":\"large\",\"linkDestination\":\"none\"} -->\n<figure class=\"wp-block-image size-large\"><img src=\"http:\/\/sunae.ch\/wp-content\/uploads\/2021\/03\/hero_13wave1.png\" alt=\"\" class=\"wp-image-29075\"\/><\/figure>\n<!-- \/wp:image --><\/div>\n<!-- \/wp:column -->\n\n<!-- wp:column -->\n<div class=\"wp-block-column\"><!-- wp:paragraph {\"align\":\"center\",\"fontSize\":\"medium\"} -->\n<p class=\"has-text-align-center has-medium-font-size\"><strong>Manuels utilisateur<\/strong><\/p>\n<!-- \/wp:paragraph -->\n\n<!-- wp:image {\"align\":\"center\",\"id\":28881,\"sizeSlug\":\"large\",\"linkDestination\":\"none\"} -->\n<div class=\"wp-block-image\"><figure class=\"aligncenter size-large\"><img src=\"http:\/\/sunae.ch\/wp-content\/uploads\/2021\/03\/icon-3.png\" alt=\"\" class=\"wp-image-28881\"\/><\/figure><\/div>\n<!-- \/wp:image --><\/div>\n<!-- \/wp:column --><\/div>\n<!-- \/wp:columns --><\/div>\n<!-- \/wp:column --><\/div>\n<!-- \/wp:columns -->\n\n<!-- wp:columns -->\n<div class=\"wp-block-columns\"><!-- wp:column -->\n<div class=\"wp-block-column\"><!-- wp:separator {\"className\":\"is-style-wide\"} -->\n<hr class=\"wp-block-separator is-style-wide\"\/>\n<!-- \/wp:separator --><\/div>\n<!-- \/wp:column --><\/div>\n<!-- \/wp:columns -->","_et_gb_content_width":"","footnotes":""},"class_list":["post-29070","page","type-page","status-publish","hentry"],"_links":{"self":[{"href":"http:\/\/sunae.ch\/de\/wp-json\/wp\/v2\/pages\/29070","targetHints":{"allow":["GET"]}}],"collection":[{"href":"http:\/\/sunae.ch\/de\/wp-json\/wp\/v2\/pages"}],"about":[{"href":"http:\/\/sunae.ch\/de\/wp-json\/wp\/v2\/types\/page"}],"author":[{"embeddable":true,"href":"http:\/\/sunae.ch\/de\/wp-json\/wp\/v2\/users\/1"}],"replies":[{"embeddable":true,"href":"http:\/\/sunae.ch\/de\/wp-json\/wp\/v2\/comments?post=29070"}],"version-history":[{"count":14,"href":"http:\/\/sunae.ch\/de\/wp-json\/wp\/v2\/pages\/29070\/revisions"}],"predecessor-version":[{"id":240043,"href":"http:\/\/sunae.ch\/de\/wp-json\/wp\/v2\/pages\/29070\/revisions\/240043"}],"wp:attachment":[{"href":"http:\/\/sunae.ch\/de\/wp-json\/wp\/v2\/media?parent=29070"}],"curies":[{"name":"wp","href":"https:\/\/api.w.org\/{rel}","templated":true}]}}